{"id":2523,"date":"2024-09-20T23:50:07","date_gmt":"2024-09-21T04:50:07","guid":{"rendered":"https:\/\/academy.hipgive.org\/?page_id=2523"},"modified":"2024-09-21T00:11:55","modified_gmt":"2024-09-21T05:11:55","slug":"restablecer-la-contrasena","status":"publish","type":"page","link":"https:\/\/academy.hipgive.org\/?page_id=2523","title":{"rendered":"Restablecer la contrase\u00f1a"},"content":{"rendered":"\n<h2 class=\"wp-block-heading has-text-align-center\">Restablecer la contrase\u00f1a<\/h2>\n\n\n\r\n<div id=\"password-lost-form-wrap\">\r\n\r\n\t\r\n\t\r\n\t<form id=\"lostpasswordform\" method=\"post\" class=\"account-page-form\">\r\n\t\t<fieldset>\r\n\t\t\t<legend>Restablecer la contrase\u00f1a<\/legend>\r\n\r\n\t\t\t<div class=\"somfrp-lost-pass-form-text\">\r\n\t\t\t\t<p class=\"extra-space\">Por favor, introduce tu direcci\u00f3n de correo electr\u00f3nico o tu nombre de usuario. Recibir\u00e1s un enlace por correo electr\u00f3nico para crear una nueva contrase\u00f1a.<\/p>\t\t\t<\/div>\r\n\r\n\t\t\t<p class=\"no-margin\">\r\n\t\t\t\t<label for=\"somfrp_user_info\">Direcci\u00f3n de correo electr\u00f3nico o nombre de usuario<\/label>\r\n\t\t\t\t<input type=\"text\" name=\"somfrp_user_info\" id=\"somfrp_user_info\" required autocomplete=\"username\">\r\n\t\t\t<\/p>\r\n\t\t\t\r\n\r\n\t\t\t<div class=\"lostpassword-submit\">\r\n\t\t\t\t<input type=\"hidden\" id=\"somfrp_nonce\" name=\"somfrp_nonce\" value=\"6bf0a51b82\" \/><input type=\"hidden\" name=\"_wp_http_referer\" value=\"\/wp\/v2\/pages\/2523?language=en%2Findex.php&#038;rest_route=%2Fwp%2Fv2%2Fpages%2F2523\" \/>\t\t\t\t<input type=\"hidden\" name=\"submitted\" id=\"submitted\" value=\"true\">\r\n\t\t\t\t<input type=\"hidden\" name=\"somfrp_action\" id=\"somfrp_post_action\" value=\"somfrp_lost_pass\">\r\n\t\t\t\t<button type=\"submit\" id=\"reset-pass-submit\" name=\"reset-pass-submit\" class=\"button big-btn\">Restablecer la contrase\u00f1a<\/button>\r\n\t\t\t<\/div>\r\n\r\n\t\t<\/fieldset>\r\n\t<\/form>\r\n\r\n<\/div>\n\n\n\n<p><\/p>\n","protected":false},"excerpt":{"rendered":"<p>Restablecer la contrase\u00f1a<\/p>\n","protected":false},"author":1,"featured_media":0,"parent":0,"menu_order":0,"comment_status":"closed","ping_status":"closed","template":"tw-no-title.php","meta":{"_es_post_content":"<!-- wp:heading {\"textAlign\":\"center\"} -->\n<h2 class=\"wp-block-heading has-text-align-center\">Restablecer la contrase\u00f1a<\/h2>\n<!-- \/wp:heading -->\n\n<!-- wp:shortcode -->\n[reset_password]\n<!-- \/wp:shortcode -->\n\n<!-- wp:paragraph -->\n<p><\/p>\n<!-- \/wp:paragraph -->","_es_post_name":"restablecer-la-contrasena","_es_post_excerpt":"","_es_post_title":"Restablecer la contrase\u00f1a","_en_post_content":"<!-- wp:heading {\"textAlign\":\"center\"} -->\n<h2 class=\"wp-block-heading has-text-align-center\">Reset Password<\/h2>\n<!-- \/wp:heading -->\n\n<!-- wp:shortcode -->\n[reset_password]\n<!-- \/wp:shortcode -->","_en_post_name":"","_en_post_excerpt":"","_en_post_title":"Reset Password","edit_language":"es","_coblocks_attr":"","_coblocks_dimensions":"","_coblocks_responsive_height":"","_coblocks_accordion_ie_support":"","footnotes":""},"class_list":["post-2523","page","type-page","status-publish","hentry"],"_links":{"self":[{"href":"https:\/\/academy.hipgive.org\/index.php?rest_route=\/wp\/v2\/pages\/2523"}],"collection":[{"href":"https:\/\/academy.hipgive.org\/index.php?rest_route=\/wp\/v2\/pages"}],"about":[{"href":"https:\/\/academy.hipgive.org\/index.php?rest_route=\/wp\/v2\/types\/page"}],"author":[{"embeddable":true,"href":"https:\/\/academy.hipgive.org\/index.php?rest_route=\/wp\/v2\/users\/1"}],"replies":[{"embeddable":true,"href":"https:\/\/academy.hipgive.org\/index.php?rest_route=%2Fwp%2Fv2%2Fcomments&post=2523"}],"version-history":[{"count":1,"href":"https:\/\/academy.hipgive.org\/index.php?rest_route=\/wp\/v2\/pages\/2523\/revisions"}],"predecessor-version":[{"id":2524,"href":"https:\/\/academy.hipgive.org\/index.php?rest_route=\/wp\/v2\/pages\/2523\/revisions\/2524"}],"wp:attachment":[{"href":"https:\/\/academy.hipgive.org\/index.php?rest_route=%2Fwp%2Fv2%2Fmedia&parent=2523"}],"curies":[{"name":"wp","href":"https:\/\/api.w.org\/{rel}","templated":true}]}}